{"id":129,"date":"2022-05-24T17:20:18","date_gmt":"2022-05-24T15:20:18","guid":{"rendered":"http:\/\/dev.pixsoft.cz\/TechWeb\/?page_id=129"},"modified":"2022-05-24T17:41:27","modified_gmt":"2022-05-24T15:41:27","slug":"jak-vyvoj-probiha","status":"publish","type":"page","link":"http:\/\/dev.pixsoft.cz\/TechWeb\/jak-vyvoj-probiha\/","title":{"rendered":"Jak v\u00fdvoj prob\u00edh\u00e1"},"content":{"rendered":"\n<h3>Postup v\u00fdvoje<\/h3>\n\n\n\n<ol><li>\u00davodn\u00ed sch\u016fzka n\u00e1m nast\u00edn\u00ed r\u00e1mec na\u0161\u00ed spolupr\u00e1ce<\/li><li>Je nutn\u00e9 dopodrobna analyzovat problematiku, kter\u00e9 se budeme spole\u010dn\u011b v\u011bnovat<\/li><li>Vytvo\u0159\u00edme p\u0159edb\u011b\u017en\u00fd n\u00e1vrh \u0159e\u0161en\u00ed a rozpo\u010det, kter\u00fd s V\u00e1mi konzultujeme<\/li><li>Ve chv\u00edli odsouhlasen\u00ed n\u00e1vrhu a rozpo\u010dtu zapo\u010dne v\u00fdvoj<\/li><li>V\u00fdvoj m\u016f\u017eete pr\u016fb\u011b\u017en\u011b sledovat a p\u0159ipom\u00ednkovat, tak aby vyv\u00edjen\u00fd produkt skute\u010dn\u011b odpov\u00eddal Va\u0161\u00ed p\u0159edstav\u011b<\/li><li>Ve chv\u00edli odsouhlasen\u00ed fin\u00e1ln\u00ed podoby zvol\u00edme ide\u00e1ln\u00ed prost\u0159ed\u00ed, na kter\u00e9m projekt provozovat a zp\u0159\u00edstupn\u00edme ho sv\u011btu<\/li><\/ol>\n\n\n\n<h3>Dlouhodob\u00e1 podpora<\/h3>\n\n\n\n<p>Na p\u0159\u00e1n\u00ed z\u00e1kazn\u00edka poskytujeme i dlouhodobou smluvn\u00ed podporu, abyste m\u011bli jistotu, \u017ee bude V\u00e1\u0161 syst\u00e9m funk\u010dn\u00ed a aktu\u00e1ln\u00ed po celou dobu jeho provozov\u00e1n\u00ed. U n\u00e1s komunikujete p\u0159\u00edmo s odborn\u00edky, ne s telefonick\u00fdmi asistenty, \u010di pracovn\u00edky callcentra. Jsme schopni pr\u016fb\u011b\u017en\u011b \u0159e\u0161it v\u0161echny probl\u00e9my, spojen\u00e9 s provozem i drobn\u00e9 d\u00edl\u010d\u00ed \u00fapravy. <\/p>\n\n\n\n<h3>Finan\u010dn\u00ed n\u00e1ro\u010dnost<\/h3>\n\n\n\n<p>Je nutn\u00e9 po\u010d\u00edtat s t\u00edm, \u017ee v\u00fdvoj na m\u00edru je v\u017edy finan\u010dn\u011b n\u00e1ro\u010dn\u011bj\u0161\u00ed ne\u017e p\u0159edplatn\u00e9, \u010di zakoupen\u00ed &#8222;krabicov\u00e9ho&#8220; \u0159e\u0161en\u00ed. Ka\u017ed\u00e1 investovan\u00e1 koruna se ale odraz\u00ed ve v\u00fdsledn\u00e9m produktu. Jsme schopni vyhov\u011bt Va\u0161im konkr\u00e9tn\u00edm po\u017eadavk\u016fm, zefektivnit procesy, l\u00e9pe zac\u00edlit na u\u017eivatele a \u0159e\u0161it problematiku, kter\u00e9 se hotov\u00e1 \u0159e\u0161en\u00ed na \u00fakor univerz\u00e1lnosti vyh\u00fdbaj\u00ed. Nespornou v\u00fdhodou je i 100% kontrola nad daty a slu\u017ebami s v\u00fdsledkem spojen\u00fdmi.<\/p>\n","protected":false},"excerpt":{"rendered":"<p>Postup v\u00fdvoje \u00davodn\u00ed sch\u016fzka n\u00e1m nast\u00edn\u00ed r\u00e1mec na\u0161\u00ed spolupr\u00e1ce Je nutn\u00e9 dopodrobna analyzovat problematiku, kter\u00e9 se budeme spole\u010dn\u011b v\u011bnovat Vytvo\u0159\u00edme p\u0159edb\u011b\u017en\u00fd n\u00e1vrh \u0159e\u0161en\u00ed a rozpo\u010det, kter\u00fd s V\u00e1mi konzultujeme Ve chv\u00edli odsouhlasen\u00ed n\u00e1vrhu a rozpo\u010dtu zapo\u010dne v\u00fdvoj V\u00fdvoj m\u016f\u017eete pr\u016fb\u011b\u017en\u011b sledovat a p\u0159ipom\u00ednkovat, tak aby vyv\u00edjen\u00fd produkt skute\u010dn\u011b odpov\u00eddal Va\u0161\u00ed p\u0159edstav\u011b Ve chv\u00edli odsouhlasen\u00ed fin\u00e1ln\u00ed [&hellip;]<\/p>\n","protected":false},"author":1,"featured_media":0,"parent":0,"menu_order":0,"comment_status":"closed","ping_status":"closed","template":"","meta":[],"_links":{"self":[{"href":"http:\/\/dev.pixsoft.cz\/TechWeb\/wp-json\/wp\/v2\/pages\/129"}],"collection":[{"href":"http:\/\/dev.pixsoft.cz\/TechWeb\/wp-json\/wp\/v2\/pages"}],"about":[{"href":"http:\/\/dev.pixsoft.cz\/TechWeb\/wp-json\/wp\/v2\/types\/page"}],"author":[{"embeddable":true,"href":"http:\/\/dev.pixsoft.cz\/TechWeb\/wp-json\/wp\/v2\/users\/1"}],"replies":[{"embeddable":true,"href":"http:\/\/dev.pixsoft.cz\/TechWeb\/wp-json\/wp\/v2\/comments?post=129"}],"version-history":[{"count":3,"href":"http:\/\/dev.pixsoft.cz\/TechWeb\/wp-json\/wp\/v2\/pages\/129\/revisions"}],"predecessor-version":[{"id":133,"href":"http:\/\/dev.pixsoft.cz\/TechWeb\/wp-json\/wp\/v2\/pages\/129\/revisions\/133"}],"wp:attachment":[{"href":"http:\/\/dev.pixsoft.cz\/TechWeb\/wp-json\/wp\/v2\/media?parent=129"}],"curies":[{"name":"wp","href":"https:\/\/api.w.org\/{rel}","templated":true}]}}