{"id":52,"date":"2022-05-24T14:23:47","date_gmt":"2022-05-24T12:23:47","guid":{"rendered":"http:\/\/dev.pixsoft.cz\/TechWeb\/?page_id=52"},"modified":"2022-05-24T16:20:50","modified_gmt":"2022-05-24T14:20:50","slug":"aplikace","status":"publish","type":"page","link":"http:\/\/dev.pixsoft.cz\/TechWeb\/aplikace\/","title":{"rendered":"Aplikace"},"content":{"rendered":"\n<p>Nab\u00edz\u00edme V\u00e1m \u0161irok\u00e9 spektrum slu\u017eeb spojen\u00fdch s v\u00fdvojem, provozov\u00e1n\u00edm a \u00fadr\u017ebou webov\u00fdch aplikac\u00ed. <\/p>\n\n\n\n<p><strong>D\u00edky 10 let\u016fm zku\u0161enost\u00ed v oboru a spoust\u011b realizovan\u00fdch projekt\u016f dok\u00e1\u017eeme vyhov\u011bt i skute\u010dn\u011b n\u00e1ro\u010dn\u00fdm klient\u016fm.<\/strong><\/p>\n\n\n\n<p>Jdeme s dobou a sna\u017e\u00edme se ka\u017ed\u00fdm dnem zdokonalovat zejm\u00e9na v technologi\u00edch, kter\u00e9 aktu\u00e1ln\u011b posouvaj\u00ed n\u00e1\u0161 obor kup\u0159edu.<\/p>\n\n\n\n<p>Drtivou v\u011bt\u0161inu projekt\u016f realizujeme na modern\u00edch webov\u00fdch aplika\u010dn\u00edch r\u00e1mc\u00edch jako Angular, \u010di React. Jejich datovou logiku obstar\u00e1v\u00e1 odd\u011blen\u00e9 API. D\u00edky tomu jsou aplikace od n\u00e1s snadno modifikovateln\u00e9, \u0161k\u00e1lovateln\u00e9 a u\u017eivatel\u016fm nab\u00edz\u00ed dosud <strong>nev\u0161edn\u00ed z\u00e1\u017eitek z plynul\u00e9ho, dynamick\u00e9ho u\u017eivatelsk\u00e9ho rozhran\u00ed<\/strong> bez nep\u0159\u00edjemn\u00e9ho znovu-na\u010d\u00edt\u00e1n\u00ed oken.<\/p>\n\n\n\n<p><\/p>\n\n\n\n<p><\/p>\n","protected":false},"excerpt":{"rendered":"<p>Nab\u00edz\u00edme V\u00e1m \u0161irok\u00e9 spektrum slu\u017eeb spojen\u00fdch s v\u00fdvojem, provozov\u00e1n\u00edm a \u00fadr\u017ebou webov\u00fdch aplikac\u00ed. D\u00edky 10 let\u016fm zku\u0161enost\u00ed v oboru a spoust\u011b realizovan\u00fdch projekt\u016f dok\u00e1\u017eeme vyhov\u011bt i skute\u010dn\u011b n\u00e1ro\u010dn\u00fdm klient\u016fm. Jdeme s dobou a sna\u017e\u00edme se ka\u017ed\u00fdm dnem zdokonalovat zejm\u00e9na v technologi\u00edch, kter\u00e9 aktu\u00e1ln\u011b posouvaj\u00ed n\u00e1\u0161 obor kup\u0159edu. Drtivou v\u011bt\u0161inu projekt\u016f realizujeme na modern\u00edch webov\u00fdch aplika\u010dn\u00edch [&hellip;]<\/p>\n","protected":false},"author":1,"featured_media":0,"parent":0,"menu_order":0,"comment_status":"closed","ping_status":"closed","template":"","meta":[],"_links":{"self":[{"href":"http:\/\/dev.pixsoft.cz\/TechWeb\/wp-json\/wp\/v2\/pages\/52"}],"collection":[{"href":"http:\/\/dev.pixsoft.cz\/TechWeb\/wp-json\/wp\/v2\/pages"}],"about":[{"href":"http:\/\/dev.pixsoft.cz\/TechWeb\/wp-json\/wp\/v2\/types\/page"}],"author":[{"embeddable":true,"href":"http:\/\/dev.pixsoft.cz\/TechWeb\/wp-json\/wp\/v2\/users\/1"}],"replies":[{"embeddable":true,"href":"http:\/\/dev.pixsoft.cz\/TechWeb\/wp-json\/wp\/v2\/comments?post=52"}],"version-history":[{"count":7,"href":"http:\/\/dev.pixsoft.cz\/TechWeb\/wp-json\/wp\/v2\/pages\/52\/revisions"}],"predecessor-version":[{"id":113,"href":"http:\/\/dev.pixsoft.cz\/TechWeb\/wp-json\/wp\/v2\/pages\/52\/revisions\/113"}],"wp:attachment":[{"href":"http:\/\/dev.pixsoft.cz\/TechWeb\/wp-json\/wp\/v2\/media?parent=52"}],"curies":[{"name":"wp","href":"https:\/\/api.w.org\/{rel}","templated":true}]}}