{"id":54,"date":"2022-05-24T14:23:58","date_gmt":"2022-05-24T12:23:58","guid":{"rendered":"http:\/\/dev.pixsoft.cz\/TechWeb\/?page_id=54"},"modified":"2022-05-24T16:45:34","modified_gmt":"2022-05-24T14:45:34","slug":"chytre-systemy","status":"publish","type":"page","link":"http:\/\/dev.pixsoft.cz\/TechWeb\/chytre-systemy\/","title":{"rendered":"Chytr\u00e9 syst\u00e9my"},"content":{"rendered":"\n<p>M\u00e1me dlouholet\u00e9 zku\u0161enosti s v\u00fdvojem chytr\u00fdch syst\u00e9m\u016f, kter\u00e9 jsou schopn\u00e9 usnadnit V\u00e1m \u017eivot i pr\u00e1ci. A\u0165 se jedn\u00e1 o <strong>chytr\u00e9 \u0159\u00edzen\u00ed<\/strong> Va\u0161eho obydl\u00ed, <strong>automatizaci<\/strong> vykon\u00e1van\u00fdch proces\u016f, \u010di snad <strong>sledov\u00e1n\u00ed prob\u00edhaj\u00edc\u00edch proces\u016f<\/strong> a jejich atribut\u016f.<\/p>\n\n\n\n<p>Ka\u017ed\u00fd takov\u00fd syst\u00e9m je vyv\u00edjen s ohledem na maxim\u00e1ln\u00ed u\u017eitnou hodnotu, dlouhodobou \u017eivotnost, udr\u017eitelnost a v neposledn\u00ed \u0159ad\u011b i optim\u00e1ln\u00ed finan\u010dn\u00ed n\u00e1ro\u010dnost.<\/p>\n\n\n\n<ul><li>chytr\u00e9 dom\u00e1cnosti<\/li><li>automatizovan\u00e1 pracovi\u0161t\u011b<\/li><li>chipov\u00e9 \/ kartov\u00e9 doch\u00e1zkov\u00e9 syst\u00e9my<\/li><li>syst\u00e9my hl\u00edd\u00e1n\u00ed spot\u0159eby energi\u00ed<\/li><li>skladov\u00e9 syst\u00e9my<\/li><\/ul>\n","protected":false},"excerpt":{"rendered":"<p>M\u00e1me dlouholet\u00e9 zku\u0161enosti s v\u00fdvojem chytr\u00fdch syst\u00e9m\u016f, kter\u00e9 jsou schopn\u00e9 usnadnit V\u00e1m \u017eivot i pr\u00e1ci. A\u0165 se jedn\u00e1 o chytr\u00e9 \u0159\u00edzen\u00ed Va\u0161eho obydl\u00ed, automatizaci vykon\u00e1van\u00fdch proces\u016f, \u010di snad sledov\u00e1n\u00ed prob\u00edhaj\u00edc\u00edch proces\u016f a jejich atribut\u016f. Ka\u017ed\u00fd takov\u00fd syst\u00e9m je vyv\u00edjen s ohledem na maxim\u00e1ln\u00ed u\u017eitnou hodnotu, dlouhodobou \u017eivotnost, udr\u017eitelnost a v neposledn\u00ed \u0159ad\u011b i optim\u00e1ln\u00ed finan\u010dn\u00ed [&hellip;]<\/p>\n","protected":false},"author":1,"featured_media":0,"parent":0,"menu_order":0,"comment_status":"closed","ping_status":"closed","template":"","meta":[],"_links":{"self":[{"href":"http:\/\/dev.pixsoft.cz\/TechWeb\/wp-json\/wp\/v2\/pages\/54"}],"collection":[{"href":"http:\/\/dev.pixsoft.cz\/TechWeb\/wp-json\/wp\/v2\/pages"}],"about":[{"href":"http:\/\/dev.pixsoft.cz\/TechWeb\/wp-json\/wp\/v2\/types\/page"}],"author":[{"embeddable":true,"href":"http:\/\/dev.pixsoft.cz\/TechWeb\/wp-json\/wp\/v2\/users\/1"}],"replies":[{"embeddable":true,"href":"http:\/\/dev.pixsoft.cz\/TechWeb\/wp-json\/wp\/v2\/comments?post=54"}],"version-history":[{"count":4,"href":"http:\/\/dev.pixsoft.cz\/TechWeb\/wp-json\/wp\/v2\/pages\/54\/revisions"}],"predecessor-version":[{"id":124,"href":"http:\/\/dev.pixsoft.cz\/TechWeb\/wp-json\/wp\/v2\/pages\/54\/revisions\/124"}],"wp:attachment":[{"href":"http:\/\/dev.pixsoft.cz\/TechWeb\/wp-json\/wp\/v2\/media?parent=54"}],"curies":[{"name":"wp","href":"https:\/\/api.w.org\/{rel}","templated":true}]}}