{"id":86,"date":"2022-05-24T15:20:12","date_gmt":"2022-05-24T13:20:12","guid":{"rendered":"http:\/\/dev.pixsoft.cz\/TechWeb\/?page_id=86"},"modified":"2022-05-25T07:22:24","modified_gmt":"2022-05-25T05:22:24","slug":"kontakty","status":"publish","type":"page","link":"http:\/\/dev.pixsoft.cz\/TechWeb\/kontakty\/","title":{"rendered":"Kontakty"},"content":{"rendered":"\n<h3>Milo\u0161 Nov\u00e1k<\/h3>\n\n\n\n<p>Telefon: +420 728 826 186<\/p>\n\n\n\n<p>Email: novak@techcrowd.cz<\/p>\n\n\n\n<h3>Ji\u0159\u00ed Lebdu\u0161ka<\/h3>\n\n\n\n<p>Telefon: +420 724 296 246<\/p>\n\n\n\n<p>Email: lebduska@techcrowd.cz<\/p>\n\n\n\n<h3>Vojt\u011bch Nezbeda<\/h3>\n\n\n\n<p>Telefon: +420 739 023 233<\/p>\n\n\n\n<p>Email: nezbeda@techcrowd.cz<\/p>\n","protected":false},"excerpt":{"rendered":"<p>Milo\u0161 Nov\u00e1k Telefon: +420 728 826 186 Email: novak@techcrowd.cz Ji\u0159\u00ed Lebdu\u0161ka Telefon: +420 724 296 246 Email: lebduska@techcrowd.cz Vojt\u011bch Nezbeda Telefon: +420 739 023 233 Email: nezbeda@techcrowd.cz<\/p>\n","protected":false},"author":1,"featured_media":0,"parent":0,"menu_order":0,"comment_status":"closed","ping_status":"closed","template":"","meta":[],"_links":{"self":[{"href":"http:\/\/dev.pixsoft.cz\/TechWeb\/wp-json\/wp\/v2\/pages\/86"}],"collection":[{"href":"http:\/\/dev.pixsoft.cz\/TechWeb\/wp-json\/wp\/v2\/pages"}],"about":[{"href":"http:\/\/dev.pixsoft.cz\/TechWeb\/wp-json\/wp\/v2\/types\/page"}],"author":[{"embeddable":true,"href":"http:\/\/dev.pixsoft.cz\/TechWeb\/wp-json\/wp\/v2\/users\/1"}],"replies":[{"embeddable":true,"href":"http:\/\/dev.pixsoft.cz\/TechWeb\/wp-json\/wp\/v2\/comments?post=86"}],"version-history":[{"count":3,"href":"http:\/\/dev.pixsoft.cz\/TechWeb\/wp-json\/wp\/v2\/pages\/86\/revisions"}],"predecessor-version":[{"id":137,"href":"http:\/\/dev.pixsoft.cz\/TechWeb\/wp-json\/wp\/v2\/pages\/86\/revisions\/137"}],"wp:attachment":[{"href":"http:\/\/dev.pixsoft.cz\/TechWeb\/wp-json\/wp\/v2\/media?parent=86"}],"curies":[{"name":"wp","href":"https:\/\/api.w.org\/{rel}","templated":true}]}}